{"id":6922,"date":"2023-11-19T10:39:22","date_gmt":"2023-11-19T10:39:22","guid":{"rendered":"http:\/\/demo.wpzoom.com\/inspiro-lite-blocks-xml\/?page_id=6922"},"modified":"2025-02-05T10:25:59","modified_gmt":"2025-02-05T09:25:59","slug":"homepage","status":"publish","type":"page","link":"https:\/\/zegaray.fr\/","title":{"rendered":"HomePage"},"content":{"rendered":"<div class=\"wp-block-cover alignfull\"><span aria-hidden=\"true\" class=\"wp-block-cover__background has-background-dim\" style=\"background-color:#785e57\"><\/span><img loading=\"lazy\" decoding=\"async\" width=\"1518\" height=\"817\" class=\"wp-block-cover__image-background wp-image-7085\" alt=\"\" src=\"https:\/\/zegaray.fr\/wp-content\/uploads\/2025\/02\/1738746708957.jpg\" style=\"object-position:53% 17%\" data-object-fit=\"cover\" data-object-position=\"53% 17%\" srcset=\"https:\/\/zegaray.fr\/wp-content\/uploads\/2025\/02\/1738746708957.jpg 1518w, https:\/\/zegaray.fr\/wp-content\/uploads\/2025\/02\/1738746708957-300x161.jpg 300w, https:\/\/zegaray.fr\/wp-content\/uploads\/2025\/02\/1738746708957-1024x551.jpg 1024w\" sizes=\"auto, (max-width: 1518px) 100vw, 1518px\" \/><div class=\"wp-block-cover__inner-container is-layout-flow wp-block-cover-is-layout-flow\"><div style=\"height:25px\" aria-hidden=\"true\" class=\"wp-block-spacer\"><\/div>\n\n<p class=\"has-text-align-center has-white-color has-text-color has-medium-font-size\">Bienvenue dans l&rsquo;univers envo\u00fbtant de notre groupe de composition pop rock ! Nous sommes un collectif passionn\u00e9, fusionnant nos talents musicaux pour cr\u00e9er une exp\u00e9rience sonore unique et captivante.<\/p>\n\n<div class=\"wp-block-buttons is-content-justification-center is-layout-flex wp-container-core-buttons-is-layout-a89b3969 wp-block-buttons-is-layout-flex\"><\/div><\/div><\/div><div class=\"wp-block-group has-global-padding is-layout-constrained wp-container-core-group-is-layout-3a820303 wp-block-group-is-layout-constrained\" style=\"padding-right:var(--wp--preset--spacing--small);padding-left:var(--wp--preset--spacing--small)\"><div style=\"height:36px\" aria-hidden=\"true\" class=\"wp-block-spacer\"><\/div>\n\n<h2 class=\"wp-block-heading has-text-align-center has-medium-font-size\" style=\"letter-spacing:1px\"><img loading=\"lazy\" decoding=\"async\" width=\"700\" height=\"55\" class=\"wp-image-6954\" style=\"width: 700px;\" src=\"https:\/\/zegaray.fr\/wp-content\/uploads\/2024\/02\/ArtisanDuSon.png\" alt=\"Les artisans du son\" srcset=\"https:\/\/zegaray.fr\/wp-content\/uploads\/2024\/02\/ArtisanDuSon.png 700w, https:\/\/zegaray.fr\/wp-content\/uploads\/2024\/02\/ArtisanDuSon-300x24.png 300w\" sizes=\"auto, (max-width: 700px) 100vw, 700px\" \/><\/h2>\n\n<div style=\"height:24px\" aria-hidden=\"true\" class=\"wp-block-spacer\"><\/div>\n\n<p class=\"has-text-align-center\">\u00c0 la guitare et aux ch\u0153urs, nous avons Emma, une musicienne passionn\u00e9e qui apporte une \u00e9nergie vibrante \u00e0 chaque note. Clem, notre vocaliste charismatique, pr\u00eate sa voix puissante et \u00e9motionnelle pour donner vie \u00e0 nos paroles et m\u00e9lodies. Angel, derri\u00e8re les f\u00fbts, rythme notre voyage musical avec une ma\u00eetrise percussive exceptionnelle. Phil, ma\u00eetre du sac et synth\u00e9, ajoute des dimensions sonores intrigantes et originales \u00e0 nos compositions. \u00c0 la guitare, Pascal cr\u00e9e des harmonies envo\u00fbtantes, tandis que St\u00e9phane \u00e0 la basse fa\u00e7onne la fondation rythmique de notre son. Guillaume, notre g\u00e9nie du son, sculpte l&rsquo;ensemble pour vous offrir une exp\u00e9rience auditive inoubliable.<\/p>\n\n<div class=\"wp-block-buttons is-horizontal is-content-justification-center is-layout-flex wp-container-core-buttons-is-layout-03627597 wp-block-buttons-is-layout-flex\"><div class=\"wp-block-button has-custom-font-size is-style-outline has-small-font-size is-style-outline--1\" style=\"font-style:normal;font-weight:600\"><a class=\"wp-block-button__link wp-element-button\" href=\"#\" style=\"border-radius:0px\">A PROPOS<\/a><\/div><\/div>\n\n<div style=\"height:57px\" aria-hidden=\"true\" class=\"wp-block-spacer\"><\/div><\/div><div class=\"wp-block-group alignfull pattern_multiple_covers has-background has-global-padding is-layout-constrained wp-block-group-is-layout-constrained\" id=\"services\" style=\"background-color:#f8f8f8\"><div style=\"height:84px\" aria-hidden=\"true\" class=\"wp-block-spacer\"><\/div>\n\n<p class=\"has-text-align-left has-secondary-color has-text-color\" style=\"letter-spacing:1px\"><img loading=\"lazy\" decoding=\"async\" width=\"450\" height=\"35\" class=\"wp-image-6955\" style=\"width: 450px;\" src=\"https:\/\/zegaray.fr\/wp-content\/uploads\/2024\/02\/HarmonieCollective.png\" alt=\"l'harmonie collective\" srcset=\"https:\/\/zegaray.fr\/wp-content\/uploads\/2024\/02\/HarmonieCollective.png 700w, https:\/\/zegaray.fr\/wp-content\/uploads\/2024\/02\/HarmonieCollective-300x24.png 300w\" sizes=\"auto, (max-width: 450px) 100vw, 450px\" \/><\/p>\n\n<p class=\"has-text-align-left\">Ce n&rsquo;est pas simplement un groupe, c&rsquo;est une famille musicale o\u00f9 chaque note, chaque battement, chaque accord est soigneusement tiss\u00e9 pour cr\u00e9er un ensemble harmonieux. Nous puisons notre inspiration dans divers horizons musicaux, fusionnant nos influences individuelles pour donner naissance \u00e0 un son qui nous est propre.<\/p><\/div><div class=\"wp-block-group alignfull has-global-padding is-layout-constrained wp-block-group-is-layout-constrained\"><div class=\"wp-block-group has-global-padding is-layout-constrained wp-block-group-is-layout-constrained\" style=\"padding-top:var(--wp--preset--spacing--small);padding-bottom:var(--wp--preset--spacing--small)\"><div style=\"height:30px\" aria-hidden=\"true\" class=\"wp-block-spacer\"><\/div>\n\n<div class=\"wp-block-columns is-layout-flex wp-container-core-columns-is-layout-c375d253 wp-block-columns-is-layout-flex\"><div class=\"wp-block-column is-vertically-aligned-center is-layout-flow wp-block-column-is-layout-flow\"><h2 class=\"wp-block-heading has-medium-font-size\" style=\"text-transform:uppercase\"><img loading=\"lazy\" decoding=\"async\" width=\"700\" height=\"55\" class=\"wp-image-6956\" style=\"width: 700px;\" src=\"https:\/\/zegaray.fr\/wp-content\/uploads\/2024\/02\/NotreMission.png\" alt=\"Notre mission\" srcset=\"https:\/\/zegaray.fr\/wp-content\/uploads\/2024\/02\/NotreMission.png 700w, https:\/\/zegaray.fr\/wp-content\/uploads\/2024\/02\/NotreMission-300x24.png 300w\" sizes=\"auto, (max-width: 700px) 100vw, 700px\" \/><\/h2>\n\n<p>Notre mission est simple : cr\u00e9er une musique qui r\u00e9sonne avec l&rsquo;\u00e2me de ceux qui l&rsquo;\u00e9coutent. Nous aspirons \u00e0 capturer des \u00e9motions, \u00e0 raconter des histoires \u00e0 travers nos chansons et \u00e0 cr\u00e9er une connexion authentique avec notre public. Nous croyons en la puissance de la musique pour transcender les fronti\u00e8res et cr\u00e9er des exp\u00e9riences partag\u00e9es qui perdurent.<\/p>\n\n<div class=\"wp-block-buttons is-horizontal is-content-justification-left is-layout-flex wp-container-core-buttons-is-layout-20be11b6 wp-block-buttons-is-layout-flex\"><div class=\"wp-block-button is-style-outline is-style-outline--2\" style=\"font-style:normal;font-weight:600\"><a class=\"wp-block-button__link wp-element-button\" href=\"#\" style=\"border-radius:0px\">A PROPOS<\/a><\/div><\/div><\/div>\n\n<div class=\"wp-block-column is-layout-flow wp-block-column-is-layout-flow\"><figure class=\"wp-block-image size-full\"><img loading=\"lazy\" decoding=\"async\" width=\"1024\" height=\"673\" src=\"https:\/\/zegaray.fr\/wp-content\/uploads\/2025\/02\/Tous-1024.png\" alt=\"\" class=\"wp-image-7083\" srcset=\"https:\/\/zegaray.fr\/wp-content\/uploads\/2025\/02\/Tous-1024.png 1024w, https:\/\/zegaray.fr\/wp-content\/uploads\/2025\/02\/Tous-1024-300x197.png 300w\" sizes=\"auto, (max-width: 1024px) 100vw, 1024px\" \/><\/figure><\/div><\/div>\n\n<div style=\"height:30px\" aria-hidden=\"true\" class=\"wp-block-spacer\"><\/div><\/div><\/div><div class=\"wp-block-group alignfull has-background has-global-padding is-layout-constrained wp-block-group-is-layout-constrained\" style=\"background-color:#f8f8f8\"><div class=\"wp-block-group has-global-padding is-layout-constrained wp-block-group-is-layout-constrained\" style=\"padding-top:var(--wp--preset--spacing--small);padding-bottom:var(--wp--preset--spacing--small)\"><div style=\"height:30px\" aria-hidden=\"true\" class=\"wp-block-spacer\"><\/div>\n\n<div class=\"wp-block-columns are-vertically-aligned-center is-layout-flex wp-container-core-columns-is-layout-c375d253 wp-block-columns-is-layout-flex\"><div class=\"wp-block-column is-vertically-aligned-center is-layout-flow wp-block-column-is-layout-flow\"><figure class=\"wp-block-image size-full\"><img loading=\"lazy\" decoding=\"async\" width=\"1024\" height=\"768\" src=\"https:\/\/zegaray.fr\/wp-content\/uploads\/2025\/02\/Flamant-1024.png\" alt=\"\" class=\"wp-image-7087\" srcset=\"https:\/\/zegaray.fr\/wp-content\/uploads\/2025\/02\/Flamant-1024.png 1024w, https:\/\/zegaray.fr\/wp-content\/uploads\/2025\/02\/Flamant-1024-300x225.png 300w\" sizes=\"auto, (max-width: 1024px) 100vw, 1024px\" \/><\/figure><\/div>\n\n<div class=\"wp-block-column is-vertically-aligned-center is-layout-flow wp-block-column-is-layout-flow\"><h2 class=\"wp-block-heading has-medium-font-size\" style=\"text-transform:uppercase\"><img loading=\"lazy\" decoding=\"async\" width=\"700\" height=\"55\" class=\"wp-image-6957\" style=\"width: 700px;\" src=\"https:\/\/zegaray.fr\/wp-content\/uploads\/2024\/02\/RejoignezNous.png\" alt=\"Rejoignez-nous dans ce voyage musical\" srcset=\"https:\/\/zegaray.fr\/wp-content\/uploads\/2024\/02\/RejoignezNous.png 700w, https:\/\/zegaray.fr\/wp-content\/uploads\/2024\/02\/RejoignezNous-300x24.png 300w\" sizes=\"auto, (max-width: 700px) 100vw, 700px\" \/><\/h2>\n\n<p>Nous sommes ravis de partager notre passion avec vous et de vous inviter \u00e0 vous joindre \u00e0 nous dans ce voyage musical. Explorez nos compositions, plongez dans nos paroles, et laissez-vous emporter par l&rsquo;\u00e9motion pure de la musique. Nous sommes bien plus qu&rsquo;un groupe, nous sommes une communaut\u00e9 unie par la musique. Merci de faire partie de notre aventure !<\/p>\n\n<div class=\"wp-block-buttons is-layout-flex wp-block-buttons-is-layout-flex\"><div class=\"wp-block-button is-style-outline is-style-outline--3\" style=\"font-style:normal;font-weight:600\"><a class=\"wp-block-button__link wp-element-button\" href=\"#\" style=\"border-radius:0px\">SERVICES<\/a><\/div><\/div><\/div><\/div><\/div><\/div>","protected":false},"excerpt":{"rendered":"<p>\u00c0 la guitare et aux ch\u0153urs, nous avons Emma, une musicienne passionn\u00e9e qui apporte une \u00e9nergie vibrante \u00e0 chaque note. Clem, notre vocaliste charismatique, pr\u00eate sa voix puissante et \u00e9motionnelle pour donner vie \u00e0 nos paroles et m\u00e9lodies. Angel, derri\u00e8re les f\u00fbts, rythme notre voyage musical avec une ma\u00eetrise percussive exceptionnelle. Phil, ma\u00eetre du sac &hellip; <\/p>\n<p class=\"link-more\"><a href=\"https:\/\/zegaray.fr\/\" class=\"more-link\">Lire la suite de<span class=\"screen-reader-text\">\u00ab\u00a0HomePage\u00a0\u00bb<\/span><\/a><\/p>\n","protected":false},"author":1,"featured_media":0,"parent":0,"menu_order":0,"comment_status":"closed","ping_status":"closed","template":"page-templates\/homepage-no-hero.php","meta":{"footnotes":""},"class_list":["post-6922","page","type-page","status-publish","hentry"],"featured_media_urls":[],"_links":{"self":[{"href":"https:\/\/zegaray.fr\/index.php\/wp-json\/wp\/v2\/pages\/6922","targetHints":{"allow":["GET"]}}],"collection":[{"href":"https:\/\/zegaray.fr\/index.php\/wp-json\/wp\/v2\/pages"}],"about":[{"href":"https:\/\/zegaray.fr\/index.php\/wp-json\/wp\/v2\/types\/page"}],"author":[{"embeddable":true,"href":"https:\/\/zegaray.fr\/index.php\/wp-json\/wp\/v2\/users\/1"}],"replies":[{"embeddable":true,"href":"https:\/\/zegaray.fr\/index.php\/wp-json\/wp\/v2\/comments?post=6922"}],"version-history":[{"count":18,"href":"https:\/\/zegaray.fr\/index.php\/wp-json\/wp\/v2\/pages\/6922\/revisions"}],"predecessor-version":[{"id":7088,"href":"https:\/\/zegaray.fr\/index.php\/wp-json\/wp\/v2\/pages\/6922\/revisions\/7088"}],"wp:attachment":[{"href":"https:\/\/zegaray.fr\/index.php\/wp-json\/wp\/v2\/media?parent=6922"}],"curies":[{"name":"wp","href":"https:\/\/api.w.org\/{rel}","templated":true}]}}