{"id":628,"date":"2009-05-06T11:43:24","date_gmt":"2009-05-06T16:43:24","guid":{"rendered":"http:\/\/wpzoom.com\/zenko\/demo\/?page_id=3"},"modified":"2025-02-05T11:01:32","modified_gmt":"2025-02-05T10:01:32","slug":"contact","status":"publish","type":"page","link":"https:\/\/zegaray.fr\/index.php\/contact\/","title":{"rendered":"Contact"},"content":{"rendered":"<div style=\"height:156px\" aria-hidden=\"true\" class=\"wp-block-spacer\"><\/div><div class=\"wp-block-group has-global-padding is-layout-constrained wp-block-group-is-layout-constrained\"><div class=\"wp-block-columns are-vertically-aligned-top is-layout-flex wp-container-core-columns-is-layout-d7d455e7 wp-block-columns-is-layout-flex\" style=\"padding-top:0;padding-right:0;padding-bottom:0;padding-left:0\"><div class=\"wp-block-column is-vertically-aligned-top is-layout-flow wp-block-column-is-layout-flow\" style=\"padding-right:7%;flex-basis:50%\"><p class=\"has-text-color\" style=\"color:#0bb4aa\"><strong>Envie de discuter ?<\/strong><\/p>\n\n<h2 class=\"wp-block-heading has-large-font-size\"><strong>Contactez-nous !<\/strong><\/h2>\n\n<p>Vous avez un projet en t\u00eate, des questions ou simplement envie de discuter ? Nous serions ravis de vous entendre ! Nous sommes \u00e0 votre disposition pour r\u00e9pondre \u00e0 toutes vos interrogations.<\/p>\n\n<p>Que ce soit pour un devis, une collaboration ou tout simplement pour en savoir plus sur nous, n&rsquo;h\u00e9sitez pas \u00e0 nous contacter. <br><\/p><\/div>\n\n<div class=\"wp-block-column is-vertically-aligned-top is-layout-flow wp-block-column-is-layout-flow\" style=\"flex-basis:50%\"><style>#wpzf-6830 + .notice { margin-top: 20px; padding: 15px; border-radius: 4px; }#wpzf-6830 + .notice.success { background-color: #e7f7ed; color: #227045; border-left: 4px solid #46b450; }#wpzf-6830 + .notice.error { background-color: #fde8e8; color: #8a1f11; border-left: 4px solid #cc0000; }#wpzf-6830 + .notice p { margin: 0; }<\/style><!-- ZOOM Forms Start -->\n\t\t\t<form id=\"wpzf-6830\" method=\"post\" action=\"https:\/\/zegaray.fr\/wp-admin\/admin-post.php\" class=\"wpzoom-forms_form\">\n\t\t\t<input type=\"hidden\" name=\"action\" value=\"wpzf_submit\" \/>\n\t\t\t<input type=\"hidden\" name=\"form_id\" value=\"6830\" \/>\n\t\t\t<input type=\"hidden\" id=\"_wpnonce\" name=\"_wpnonce\" value=\"28c91b3f10\" \/><input type=\"hidden\" name=\"_wp_http_referer\" value=\"\/index.php\/wp-json\/wp\/v2\/pages\/628\" \/>\n\t\t\t\n<div class=\"wp-block-wpzoom-forms-form\">\n<div class=\"wp-block-group\">\n<div class=\"wp-block-columns\">\n<div class=\"wp-block-column\" style=\"flex-basis:100%\">\n<label for=\"input_name\"><label for=\"input_name\">Nom et pr\u00e9nom<\/label><sup class=\"wp-block-wpzoom-forms-required\">*<\/sup><\/label><input type=\"text\" name=\"wpzf_input_name\" id=\"input_name\" placeholder=\"\" required class=\"wp-block-wpzoom-forms-text-name-field fullwidth\"\/>\n\n\n\n<label for=\"input_email\"><label for=\"input_email\">Courriel<\/label><sup class=\"wp-block-wpzoom-forms-required\">*<\/sup><\/label><input type=\"email\" name=\"wpzf_input_email\" id=\"input_email\" placeholder=\"\" required data-replyto=\"true\" class=\"wp-block-wpzoom-forms-text-email-field fullwidth\"\/>\n\n\n\n<label for=\"input_subject\"><label for=\"input_subject\">Objet<\/label><sup class=\"wp-block-wpzoom-forms-required\">*<\/sup><\/label><input type=\"text\" name=\"wpzf_input_subject\" id=\"input_subject\" placeholder=\"\" required data-subject=\"true\" class=\"wp-block-wpzoom-forms-text-plain-field fullwidth\"\/>\n\n\n\n<label for=\"input_message\"><label for=\"input_message\">Message<\/label><sup class=\"wp-block-wpzoom-forms-required\">*<\/sup><\/label><textarea name=\"wpzf_input_message\" id=\"input_message\" cols=\"55\" rows=\"10\" placeholder=\"\" required class=\"wp-block-wpzoom-forms-textarea-field fullwidth\"><\/textarea>\n<\/div>\n<\/div>\n\n\n\n<div class=\"wp-block-columns\">\n<div class=\"wp-block-column\" style=\"flex-basis:30%\">\n<input type=\"submit\" id=\"input_submit\" value=\"Envoyer\" class=\"wp-block-wpzoom-forms-submit-field\"\/>\n<\/div>\n\n\n\n<div class=\"wp-block-column\" style=\"flex-basis:70%\">\n<p class=\"has-text-align-right\" style=\"font-size:16px\"><strong class=\"has-accent-color has-text-color\">*<\/strong> : Champs obligatoires.<\/p>\n<\/div>\n<\/div>\n<\/div>\n<\/div>\n\n\n\n<p><\/p>\n\n\t\t\t<input type=\"hidden\" name=\"wpzf_replyto\" value=\"wpzf_input_email\" \/><input type=\"hidden\" name=\"wpzf_subject\" value=\"wpzf_input_subject\" \/><\/form>\n\t\t\t\n\t\t\t<!-- ZOOM Forms End --><\/div><\/div>\n\n<div style=\"height:135px\" aria-hidden=\"true\" class=\"wp-block-spacer\"><\/div><\/div><div class=\"wp-block-group alignfull has-global-padding is-layout-constrained wp-container-core-group-is-layout-19e250f3 wp-block-group-is-layout-constrained\"><div class=\"wp-block-columns alignfull are-vertically-aligned-center has-light-background-background-color has-background is-layout-flex wp-container-core-columns-is-layout-dd282781 wp-block-columns-is-layout-flex\" style=\"padding-top:0;padding-right:0;padding-bottom:0;padding-left:0\"><div class=\"wp-block-column is-vertically-aligned-center map-grayscale is-layout-flow wp-block-column-is-layout-flow\" style=\"flex-basis:50%\"><figure class=\"wp-block-image size-large\"><img loading=\"lazy\" decoding=\"async\" width=\"1024\" height=\"683\" src=\"https:\/\/zegaray.fr\/wp-content\/uploads\/2025\/02\/AdresseZegaray-1024x683.png\" alt=\"\" class=\"wp-image-7099\" srcset=\"https:\/\/zegaray.fr\/wp-content\/uploads\/2025\/02\/AdresseZegaray-1024x683.png 1024w, https:\/\/zegaray.fr\/wp-content\/uploads\/2025\/02\/AdresseZegaray-300x200.png 300w, https:\/\/zegaray.fr\/wp-content\/uploads\/2025\/02\/AdresseZegaray-600x400.png 600w, https:\/\/zegaray.fr\/wp-content\/uploads\/2025\/02\/AdresseZegaray-1200x800.png 1200w, https:\/\/zegaray.fr\/wp-content\/uploads\/2025\/02\/AdresseZegaray.png 1870w\" sizes=\"auto, (max-width: 1024px) 100vw, 1024px\" \/><\/figure><\/div>\n\n<div class=\"wp-block-column is-vertically-aligned-center is-layout-flow wp-block-column-is-layout-flow\" style=\"padding-top:var(--wp--preset--spacing--small);padding-right:var(--wp--preset--spacing--small);padding-bottom:var(--wp--preset--spacing--small);padding-left:2%;flex-basis:50%\"><h3 class=\"wp-block-heading\"><strong>Adress<\/strong>e<\/h3>\n\n<p>4, rue des roitelets &#8211; 66300 PONTEILLA<\/p>\n\n<h3 class=\"wp-block-heading\"><strong>Courriel<\/strong><\/h3>\n\n<p>contact@zegaray.fr<\/p>\n\n<h3 class=\"wp-block-heading\">T\u00e9l\u00e9phone<\/h3>\n\n<p>0033 6 65 30 28 02<\/p><\/div><\/div><\/div><p><\/p>","protected":false},"excerpt":{"rendered":"<p>Envie de discuter ? Contactez-nous ! Vous avez un projet en t\u00eate, des questions ou simplement envie de discuter ? Nous serions ravis de vous entendre ! Nous sommes \u00e0 votre disposition pour r\u00e9pondre \u00e0 toutes vos interrogations. Que ce soit pour un devis, une collaboration ou tout simplement pour en savoir plus sur nous, &hellip; <\/p>\n<p class=\"link-more\"><a href=\"https:\/\/zegaray.fr\/index.php\/contact\/\" class=\"more-link\">Lire la suite de<span class=\"screen-reader-text\">\u00ab\u00a0Contact\u00a0\u00bb<\/span><\/a><\/p>\n","protected":false},"author":1,"featured_media":0,"parent":0,"menu_order":0,"comment_status":"closed","ping_status":"closed","template":"page-templates\/no-title.php","meta":{"footnotes":""},"class_list":["post-628","page","type-page","status-publish","hentry"],"featured_media_urls":[],"_links":{"self":[{"href":"https:\/\/zegaray.fr\/index.php\/wp-json\/wp\/v2\/pages\/628","targetHints":{"allow":["GET"]}}],"collection":[{"href":"https:\/\/zegaray.fr\/index.php\/wp-json\/wp\/v2\/pages"}],"about":[{"href":"https:\/\/zegaray.fr\/index.php\/wp-json\/wp\/v2\/types\/page"}],"author":[{"embeddable":true,"href":"https:\/\/zegaray.fr\/index.php\/wp-json\/wp\/v2\/users\/1"}],"replies":[{"embeddable":true,"href":"https:\/\/zegaray.fr\/index.php\/wp-json\/wp\/v2\/comments?post=628"}],"version-history":[{"count":4,"href":"https:\/\/zegaray.fr\/index.php\/wp-json\/wp\/v2\/pages\/628\/revisions"}],"predecessor-version":[{"id":7100,"href":"https:\/\/zegaray.fr\/index.php\/wp-json\/wp\/v2\/pages\/628\/revisions\/7100"}],"wp:attachment":[{"href":"https:\/\/zegaray.fr\/index.php\/wp-json\/wp\/v2\/media?parent=628"}],"curies":[{"name":"wp","href":"https:\/\/api.w.org\/{rel}","templated":true}]}}